{"id":4234,"date":"2020-05-11T11:46:36","date_gmt":"2020-05-11T10:46:36","guid":{"rendered":"https:\/\/abenteuer-markt.de\/?page_id=4234"},"modified":"2021-10-05T19:12:30","modified_gmt":"2021-10-05T18:12:30","slug":"partner","status":"publish","type":"page","link":"https:\/\/abenteuer-markt.de\/de\/partner\/","title":{"rendered":"Unsere Partner"},"content":{"rendered":"\n<h2>Haus der Familie &#8211; Heidenheim<\/h2>\n\n\n\n<figure class=\"wp-block-image size-large\"><a href=\"https:\/\/www.familienbildung-hdh.de\/internet\/index.php\" target=\"_blank\" rel=\"noreferrer noopener\"><img width=\"428\" height=\"298\" src=\"https:\/\/abenteuer-markt.de\/wp-content\/uploads\/2021\/03\/image.png\" alt=\"\" class=\"wp-image-13098\" srcset=\"https:\/\/abenteuer-markt.de\/wp-content\/uploads\/2021\/03\/image.png 428w, https:\/\/abenteuer-markt.de\/wp-content\/uploads\/2021\/03\/image-300x209.png 300w, https:\/\/abenteuer-markt.de\/wp-content\/uploads\/2021\/03\/image-16x12.png 16w\" sizes=\"(max-width: 428px) 100vw, 428px\" \/><\/a><\/figure>\n\n\n\n<p>Das Haus der Familie ist ein gemeinn\u00fctziger Verein. Die Familienbildungsst\u00e4tte wird von Stadt und Landkreis Heidenheim, sowie der Kirche gef\u00f6rdert und ist ein vom Land Baden-W\u00fcrttemberg anerkannter Tr\u00e4ger der \u00f6ffentlichen Weiterbildung.&nbsp;<\/p>\n\n\n\n<p><strong>Bildung \u2013 Beratung &nbsp;&#8211; Begegnung aller Generationen<\/strong><\/p>\n\n\n\n<p>Dies sind die wesentlichen Aspekte und die Motivation f\u00fcr die Arbeit, die die kontinuierliche Entwicklung zu einem Zentrum f\u00fcr und mit Familien kennzeichnen.&nbsp;<\/p>\n\n\n\n<p>Anregungen und Ideen nimmt das Haus der Familie jederzeit gerne entgegen. Die MitarbeiterInnen pr\u00e4gt ein modernes Verst\u00e4ndnis von Familie, das alle Generationen selbstverst\u00e4ndlich mit ber\u00fccksichtigt.<\/p>\n\n\n\n<p>Alle Veranstaltungen stehen Menschen mit und ohne Behinderung grunds\u00e4tzlich offen.<\/p>\n\n\n\n<p>Das Haus der Familie ist Mitglied in der evang. Landesarbeitsgemeinschaft aller Familienbildungsst\u00e4tten in W\u00fcrttemberg LeF.<\/p>\n\n\n\n<div style=\"height:100px\" aria-hidden=\"true\" class=\"wp-block-spacer\"><\/div>\n\n\n\n<hr class=\"wp-block-separator\"\/>\n\n\n\n<h2>Landshuter Mama<\/h2>\n\n\n\n<p>Hier findet ihr die aktuelle Ausgabe der &#8222;Landshuter Mama&#8220;, dem Familienmagazin f\u00fcr Landshut und die Region, als interaktive Digitalversion. <br>Um die Vollbild-Version zu sehen, diese herunterzuladen,  zu drucken, zu teilen oder zum schnelleren Navigieren, klickt einfach auf das Magazin, dann wird die Bedienungsleiste angezeigt.<\/p>\n\n\n\n<p>Ausgew\u00e4hlte Ideen aus den Zeitschriften findet ihr auch bei uns. <\/p>\n\n\n\n<iframe width=\"920px\" height=\"700px\" src=\"https:\/\/www.yumpu.com\/de\/embed\/view\/e0kqRHS83XyEsDVY\" frameborder=\"0\" allowfullscreen=\"true\" allowtransparency=\"true\">Dein Browser unterst\u00fctzt leider keine iframes. <\/iframe>\n","protected":false},"excerpt":{"rendered":"<p>Haus der Familie &#8211; Heidenheim Das Haus der Familie ist ein gemeinn\u00fctziger Verein. Die Familienbildungsst\u00e4tte wird von Stadt und Landkreis Heidenheim, sowie der Kirche gef\u00f6rdert und ist ein vom Land Baden-W\u00fcrttemberg anerkannter Tr\u00e4ger der \u00f6ffentlichen Weiterbildung.&nbsp; Bildung \u2013 Beratung &nbsp;&#8211; Begegnung aller Generationen Dies sind die wesentlichen Aspekte und die Motivation f\u00fcr die Arbeit, die [&hellip;]<\/p>\n","protected":false},"author":1,"featured_media":0,"parent":0,"menu_order":0,"comment_status":"closed","ping_status":"closed","template":"","meta":[],"yoast_head":"<!-- This site is optimized with the Yoast SEO plugin v18.5.1 - https:\/\/yoast.com\/wordpress\/plugins\/seo\/ -->\n<title>Unsere Partner | Abenteuer-Markt<\/title>\n<meta name=\"description\" content=\"Entdecke spannende Ideen und Angebote f\u00fcr Kinder von 1 bis 10 Jahren\" \/>\n<meta name=\"robots\" content=\"index, follow, max-snippet:-1, max-image-preview:large, max-video-preview:-1\" \/>\n<link rel=\"canonical\" href=\"https:\/\/abenteuer-markt.de\/de\/partner\/\" \/>\n<meta property=\"og:locale\" content=\"de_DE\" \/>\n<meta property=\"og:type\" content=\"article\" \/>\n<meta property=\"og:title\" content=\"Unsere Partner | Abenteuer-Markt\" \/>\n<meta property=\"og:description\" content=\"Entdecke spannende Ideen und Angebote f\u00fcr Kinder von 1 bis 10 Jahren\" \/>\n<meta property=\"og:url\" content=\"https:\/\/abenteuer-markt.de\/de\/partner\/\" \/>\n<meta property=\"og:site_name\" content=\"Abenteuer-Markt\" \/>\n<meta property=\"article:modified_time\" content=\"2021-10-05T18:12:30+00:00\" \/>\n<meta property=\"og:image\" content=\"https:\/\/abenteuer-markt.de\/wp-content\/uploads\/2021\/03\/image.png\" \/>\n<meta name=\"twitter:card\" content=\"summary_large_image\" \/>\n<meta name=\"twitter:label1\" content=\"Gesch\u00e4tzte Lesezeit\" \/>\n\t<meta name=\"twitter:data1\" content=\"1\u00a0Minute\" \/>\n<script type=\"application\/ld+json\" class=\"yoast-schema-graph\">{\"@context\":\"https:\/\/schema.org\",\"@graph\":[{\"@type\":\"Organization\",\"@id\":\"https:\/\/abenteuer-markt.de\/#organization\",\"name\":\"Abenteuer-Markt\",\"url\":\"https:\/\/abenteuer-markt.de\/\",\"sameAs\":[],\"logo\":{\"@type\":\"ImageObject\",\"@id\":\"https:\/\/abenteuer-markt.de\/#logo\",\"inLanguage\":\"de\",\"url\":\"https:\/\/abenteuer-markt.de\/wp-content\/uploads\/2022\/04\/abenteuer-markt_Logo_oeg.png\",\"contentUrl\":\"https:\/\/abenteuer-markt.de\/wp-content\/uploads\/2022\/04\/abenteuer-markt_Logo_oeg.png\",\"width\":1000,\"height\":235,\"caption\":\"Abenteuer-Markt\"},\"image\":{\"@id\":\"https:\/\/abenteuer-markt.de\/#logo\"}},{\"@type\":\"WebSite\",\"@id\":\"https:\/\/abenteuer-markt.de\/#website\",\"url\":\"https:\/\/abenteuer-markt.de\/\",\"name\":\"Abenteuer-Markt\",\"description\":\"Basteln, Experimentieren, Kochen - Alles zum Selber Machen f\u00fcr Kinder\",\"publisher\":{\"@id\":\"https:\/\/abenteuer-markt.de\/#organization\"},\"potentialAction\":[{\"@type\":\"SearchAction\",\"target\":{\"@type\":\"EntryPoint\",\"urlTemplate\":\"https:\/\/abenteuer-markt.de\/?s={search_term_string}\"},\"query-input\":\"required name=search_term_string\"}],\"inLanguage\":\"de\"},{\"@type\":\"ImageObject\",\"@id\":\"https:\/\/abenteuer-markt.de\/de\/partner\/#primaryimage\",\"inLanguage\":\"de\",\"url\":\"https:\/\/abenteuer-markt.de\/wp-content\/uploads\/2021\/03\/image.png\",\"contentUrl\":\"https:\/\/abenteuer-markt.de\/wp-content\/uploads\/2021\/03\/image.png\",\"width\":428,\"height\":298},{\"@type\":\"WebPage\",\"@id\":\"https:\/\/abenteuer-markt.de\/de\/partner\/#webpage\",\"url\":\"https:\/\/abenteuer-markt.de\/de\/partner\/\",\"name\":\"Unsere Partner | Abenteuer-Markt\",\"isPartOf\":{\"@id\":\"https:\/\/abenteuer-markt.de\/#website\"},\"primaryImageOfPage\":{\"@id\":\"https:\/\/abenteuer-markt.de\/de\/partner\/#primaryimage\"},\"datePublished\":\"2020-05-11T10:46:36+00:00\",\"dateModified\":\"2021-10-05T18:12:30+00:00\",\"description\":\"Entdecke spannende Ideen und Angebote f\u00fcr Kinder von 1 bis 10 Jahren\",\"breadcrumb\":{\"@id\":\"https:\/\/abenteuer-markt.de\/de\/partner\/#breadcrumb\"},\"inLanguage\":\"de\",\"potentialAction\":[{\"@type\":\"ReadAction\",\"target\":[\"https:\/\/abenteuer-markt.de\/de\/partner\/\"]}]},{\"@type\":\"BreadcrumbList\",\"@id\":\"https:\/\/abenteuer-markt.de\/de\/partner\/#breadcrumb\",\"itemListElement\":[{\"@type\":\"ListItem\",\"position\":1,\"name\":\"Startseite\",\"item\":\"https:\/\/abenteuer-markt.de\/\"},{\"@type\":\"ListItem\",\"position\":2,\"name\":\"Unsere Partner\"}]}]}<\/script>\n<!-- \/ Yoast SEO plugin. -->","yoast_head_json":{"title":"Unsere Partner | Abenteuer-Markt","description":"Entdecke spannende Ideen und Angebote f\u00fcr Kinder von 1 bis 10 Jahren","robots":{"index":"index","follow":"follow","max-snippet":"max-snippet:-1","max-image-preview":"max-image-preview:large","max-video-preview":"max-video-preview:-1"},"canonical":"https:\/\/abenteuer-markt.de\/de\/partner\/","og_locale":"de_DE","og_type":"article","og_title":"Unsere Partner | Abenteuer-Markt","og_description":"Entdecke spannende Ideen und Angebote f\u00fcr Kinder von 1 bis 10 Jahren","og_url":"https:\/\/abenteuer-markt.de\/de\/partner\/","og_site_name":"Abenteuer-Markt","article_modified_time":"2021-10-05T18:12:30+00:00","og_image":[{"url":"https:\/\/abenteuer-markt.de\/wp-content\/uploads\/2021\/03\/image.png"}],"twitter_card":"summary_large_image","twitter_misc":{"Gesch\u00e4tzte Lesezeit":"1\u00a0Minute"},"schema":{"@context":"https:\/\/schema.org","@graph":[{"@type":"Organization","@id":"https:\/\/abenteuer-markt.de\/#organization","name":"Abenteuer-Markt","url":"https:\/\/abenteuer-markt.de\/","sameAs":[],"logo":{"@type":"ImageObject","@id":"https:\/\/abenteuer-markt.de\/#logo","inLanguage":"de","url":"https:\/\/abenteuer-markt.de\/wp-content\/uploads\/2022\/04\/abenteuer-markt_Logo_oeg.png","contentUrl":"https:\/\/abenteuer-markt.de\/wp-content\/uploads\/2022\/04\/abenteuer-markt_Logo_oeg.png","width":1000,"height":235,"caption":"Abenteuer-Markt"},"image":{"@id":"https:\/\/abenteuer-markt.de\/#logo"}},{"@type":"WebSite","@id":"https:\/\/abenteuer-markt.de\/#website","url":"https:\/\/abenteuer-markt.de\/","name":"Abenteuer-Markt","description":"Basteln, Experimentieren, Kochen - Alles zum Selber Machen f\u00fcr Kinder","publisher":{"@id":"https:\/\/abenteuer-markt.de\/#organization"},"potentialAction":[{"@type":"SearchAction","target":{"@type":"EntryPoint","urlTemplate":"https:\/\/abenteuer-markt.de\/?s={search_term_string}"},"query-input":"required name=search_term_string"}],"inLanguage":"de"},{"@type":"ImageObject","@id":"https:\/\/abenteuer-markt.de\/de\/partner\/#primaryimage","inLanguage":"de","url":"https:\/\/abenteuer-markt.de\/wp-content\/uploads\/2021\/03\/image.png","contentUrl":"https:\/\/abenteuer-markt.de\/wp-content\/uploads\/2021\/03\/image.png","width":428,"height":298},{"@type":"WebPage","@id":"https:\/\/abenteuer-markt.de\/de\/partner\/#webpage","url":"https:\/\/abenteuer-markt.de\/de\/partner\/","name":"Unsere Partner | Abenteuer-Markt","isPartOf":{"@id":"https:\/\/abenteuer-markt.de\/#website"},"primaryImageOfPage":{"@id":"https:\/\/abenteuer-markt.de\/de\/partner\/#primaryimage"},"datePublished":"2020-05-11T10:46:36+00:00","dateModified":"2021-10-05T18:12:30+00:00","description":"Entdecke spannende Ideen und Angebote f\u00fcr Kinder von 1 bis 10 Jahren","breadcrumb":{"@id":"https:\/\/abenteuer-markt.de\/de\/partner\/#breadcrumb"},"inLanguage":"de","potentialAction":[{"@type":"ReadAction","target":["https:\/\/abenteuer-markt.de\/de\/partner\/"]}]},{"@type":"BreadcrumbList","@id":"https:\/\/abenteuer-markt.de\/de\/partner\/#breadcrumb","itemListElement":[{"@type":"ListItem","position":1,"name":"Startseite","item":"https:\/\/abenteuer-markt.de\/"},{"@type":"ListItem","position":2,"name":"Unsere Partner"}]}]}},"_links":{"self":[{"href":"https:\/\/abenteuer-markt.de\/de\/wp-json\/wp\/v2\/pages\/4234"}],"collection":[{"href":"https:\/\/abenteuer-markt.de\/de\/wp-json\/wp\/v2\/pages"}],"about":[{"href":"https:\/\/abenteuer-markt.de\/de\/wp-json\/wp\/v2\/types\/page"}],"author":[{"embeddable":true,"href":"https:\/\/abenteuer-markt.de\/de\/wp-json\/wp\/v2\/users\/1"}],"replies":[{"embeddable":true,"href":"https:\/\/abenteuer-markt.de\/de\/wp-json\/wp\/v2\/comments?post=4234"}],"version-history":[{"count":10,"href":"https:\/\/abenteuer-markt.de\/de\/wp-json\/wp\/v2\/pages\/4234\/revisions"}],"predecessor-version":[{"id":17577,"href":"https:\/\/abenteuer-markt.de\/de\/wp-json\/wp\/v2\/pages\/4234\/revisions\/17577"}],"wp:attachment":[{"href":"https:\/\/abenteuer-markt.de\/de\/wp-json\/wp\/v2\/media?parent=4234"}],"curies":[{"name":"wp","href":"https:\/\/api.w.org\/{rel}","templated":true}]}}