{"id":280,"date":"2014-09-09T11:11:31","date_gmt":"2014-09-09T10:11:31","guid":{"rendered":"http:\/\/cookedwp.com\/demo\/?page_id=280"},"modified":"2025-01-27T22:24:47","modified_gmt":"2025-01-27T21:24:47","slug":"erfinder","status":"publish","type":"page","link":"https:\/\/abenteuer-markt.de\/de\/erfinder\/","title":{"rendered":"Die Seite f\u00fcr Erfinder von Bastel- &#038; DIY-Abenteuer"},"content":{"rendered":"\n<p>Wenn Ihr Euch anmeldet und ein Profil anlegt, k\u00f6nnt Ihr neue Bastel- und DIY-Abenteuer hinzuf\u00fcgen. Ihr k\u00f6nnte dann auch Abenteuer durch einen Klick auf das Herz zu Euren Favoriten hinzuf\u00fcgen und einfach zu einem sp\u00e4teren Zeitpunkt mit Euren Kindern basteln, spielen und experimentieren. <\/p>\n\n\n\n<figure class=\"wp-block-pullquote alignleft has-text-align-left\"><blockquote><p><\/p><\/blockquote><\/figure>\n\n\n<p style=\"text-align: left;\"><form id=\"cooked-login\" class=\"cooked-fe-form cooked-form-stacked cooked-clearfix\" action=\"\" method=\"post\">\n\n\t<h2 class=\"cooked-form-title\">Anmelden (als Erfinder)<\/h2>\n\t\n   \t\n\t<div class=\"cooked-field\">\n\t\t<div class=\"cooked-label-side\">\n\t\t\t<label for=\"cooked_user_login\">E-Mail oder Nutzername<\/label>\n\t\t<\/div>\n\n\t\t<div class=\"cooked-input-side\">\n\t\t\t<input type=\"text\" name=\"cooked_user_login\" value=\"\">\n\t\t<\/div>\n\t<\/div>\n\n\t<div class=\"cooked-field\">\n\t\t<div class=\"cooked-label-side\">\n\t\t\t<label for=\"cooked_user_pass\">Passwort<\/label>\n\t\t<\/div>\n\n\t\t<div class=\"cooked-input-side\">\n\t\t\t<input type=\"password\" name=\"cooked_user_pass\" value=\"\">\n\t\t<\/div>\n\t<\/div>\n\n\t<div class=\"cooked-field cooked-field-bottom\">\n\t\t<div class=\"cooked-input-side\">\n\t\t\t<input type=\"checkbox\" id=\"rememberme\" name=\"remember\" value=\"1\"> <label for=\"rememberme\">Eingeloggt bleiben<\/label>\n\t\t<\/div>\n\t<\/div>\n\n\t<input type=\"hidden\" name=\"cooked_redirect\" value=\"https:\/\/abenteuer-markt.de\/de\/erfinder\/\" \/>\n\t<input type=\"hidden\" name=\"cooked_action\" value=\"user_login\" \/>\n\t<input type=\"hidden\" name=\"cooked_login_nonce\" value=\"87a01d2109\" \/>\n\n\t<div class=\"cooked-field\">\n\t\t<div class=\"cooked-input-side\">\n\t\t\t<input type=\"submit\" class=\"cooked-button\" name=\"login\" value=\"Anmelden (als Erfinder)\">\n\t\t\t&nbsp;&nbsp;&nbsp;<a href=\"https:\/\/abenteuer-markt.de\/de\/wp-json\/wp\/v2\/pages\/280?register=1\">Noch nicht registriert?<\/a>\t\t<\/div>\n\t<\/div>\n\n\t\n<\/form>\n<\/p>","protected":false},"excerpt":{"rendered":"<p>Wenn Ihr Euch anmeldet und ein Profil anlegt, k\u00f6nnt Ihr neue Bastel- und DIY-Abenteuer hinzuf\u00fcgen. Ihr k\u00f6nnte dann auch Abenteuer durch einen Klick auf das Herz zu Euren Favoriten hinzuf\u00fcgen und einfach zu einem sp\u00e4teren Zeitpunkt mit Euren Kindern basteln, spielen und experimentieren.<\/p>\n","protected":false},"author":1,"featured_media":2081,"parent":0,"menu_order":0,"comment_status":"closed","ping_status":"closed","template":"","meta":[],"yoast_head":"<!-- This site is optimized with the Yoast SEO plugin v18.5.1 - https:\/\/yoast.com\/wordpress\/plugins\/seo\/ -->\n<title>Die Seite f\u00fcr Erfinder von Bastel- &amp; DIY-Abenteuer | Abenteuer-Markt<\/title>\n<meta name=\"description\" content=\"Entdecke spannende Ideen und Angebote f\u00fcr Kinder von 1 bis 10 Jahren\" \/>\n<meta name=\"robots\" content=\"index, follow, max-snippet:-1, max-image-preview:large, max-video-preview:-1\" \/>\n<link rel=\"canonical\" href=\"https:\/\/abenteuer-markt.de\/de\/erfinder\/\" \/>\n<meta property=\"og:locale\" content=\"de_DE\" \/>\n<meta property=\"og:type\" content=\"article\" \/>\n<meta property=\"og:title\" content=\"Die Seite f\u00fcr Erfinder von Bastel- &amp; DIY-Abenteuer | Abenteuer-Markt\" \/>\n<meta property=\"og:description\" content=\"Entdecke spannende Ideen und Angebote f\u00fcr Kinder von 1 bis 10 Jahren\" \/>\n<meta property=\"og:url\" content=\"https:\/\/abenteuer-markt.de\/de\/erfinder\/\" \/>\n<meta property=\"og:site_name\" content=\"Abenteuer-Markt\" \/>\n<meta property=\"article:modified_time\" content=\"2025-01-27T21:24:47+00:00\" \/>\n<meta name=\"twitter:card\" content=\"summary_large_image\" \/>\n<meta name=\"twitter:label1\" content=\"Gesch\u00e4tzte Lesezeit\" \/>\n\t<meta name=\"twitter:data1\" content=\"1\u00a0Minute\" \/>\n<script type=\"application\/ld+json\" class=\"yoast-schema-graph\">{\"@context\":\"https:\/\/schema.org\",\"@graph\":[{\"@type\":\"Organization\",\"@id\":\"https:\/\/abenteuer-markt.de\/#organization\",\"name\":\"Abenteuer-Markt\",\"url\":\"https:\/\/abenteuer-markt.de\/\",\"sameAs\":[],\"logo\":{\"@type\":\"ImageObject\",\"@id\":\"https:\/\/abenteuer-markt.de\/#logo\",\"inLanguage\":\"de\",\"url\":\"https:\/\/abenteuer-markt.de\/wp-content\/uploads\/2022\/04\/abenteuer-markt_Logo_oeg.png\",\"contentUrl\":\"https:\/\/abenteuer-markt.de\/wp-content\/uploads\/2022\/04\/abenteuer-markt_Logo_oeg.png\",\"width\":1000,\"height\":235,\"caption\":\"Abenteuer-Markt\"},\"image\":{\"@id\":\"https:\/\/abenteuer-markt.de\/#logo\"}},{\"@type\":\"WebSite\",\"@id\":\"https:\/\/abenteuer-markt.de\/#website\",\"url\":\"https:\/\/abenteuer-markt.de\/\",\"name\":\"Abenteuer-Markt\",\"description\":\"Basteln, Experimentieren, Kochen - Alles zum Selber Machen f\u00fcr Kinder\",\"publisher\":{\"@id\":\"https:\/\/abenteuer-markt.de\/#organization\"},\"potentialAction\":[{\"@type\":\"SearchAction\",\"target\":{\"@type\":\"EntryPoint\",\"urlTemplate\":\"https:\/\/abenteuer-markt.de\/?s={search_term_string}\"},\"query-input\":\"required name=search_term_string\"}],\"inLanguage\":\"de\"},{\"@type\":\"ImageObject\",\"@id\":\"https:\/\/abenteuer-markt.de\/erfinder\/#primaryimage\",\"inLanguage\":\"de\",\"url\":\"\",\"contentUrl\":\"\"},{\"@type\":\"WebPage\",\"@id\":\"https:\/\/abenteuer-markt.de\/erfinder\/#webpage\",\"url\":\"https:\/\/abenteuer-markt.de\/erfinder\/\",\"name\":\"Die Seite f\u00fcr Erfinder von Bastel- & DIY-Abenteuer | Abenteuer-Markt\",\"isPartOf\":{\"@id\":\"https:\/\/abenteuer-markt.de\/#website\"},\"primaryImageOfPage\":{\"@id\":\"https:\/\/abenteuer-markt.de\/erfinder\/#primaryimage\"},\"datePublished\":\"2014-09-09T10:11:31+00:00\",\"dateModified\":\"2025-01-27T21:24:47+00:00\",\"description\":\"Entdecke spannende Ideen und Angebote f\u00fcr Kinder von 1 bis 10 Jahren\",\"breadcrumb\":{\"@id\":\"https:\/\/abenteuer-markt.de\/erfinder\/#breadcrumb\"},\"inLanguage\":\"de\",\"potentialAction\":[{\"@type\":\"ReadAction\",\"target\":[\"https:\/\/abenteuer-markt.de\/erfinder\/\"]}]},{\"@type\":\"BreadcrumbList\",\"@id\":\"https:\/\/abenteuer-markt.de\/erfinder\/#breadcrumb\",\"itemListElement\":[{\"@type\":\"ListItem\",\"position\":1,\"name\":\"Startseite\",\"item\":\"https:\/\/abenteuer-markt.de\/\"},{\"@type\":\"ListItem\",\"position\":2,\"name\":\"Die Seite f\u00fcr Erfinder von Bastel- &#038; DIY-Abenteuer\"}]}]}<\/script>\n<!-- \/ Yoast SEO plugin. -->","yoast_head_json":{"title":"Die Seite f\u00fcr Erfinder von Bastel- & DIY-Abenteuer | Abenteuer-Markt","description":"Entdecke spannende Ideen und Angebote f\u00fcr Kinder von 1 bis 10 Jahren","robots":{"index":"index","follow":"follow","max-snippet":"max-snippet:-1","max-image-preview":"max-image-preview:large","max-video-preview":"max-video-preview:-1"},"canonical":"https:\/\/abenteuer-markt.de\/de\/erfinder\/","og_locale":"de_DE","og_type":"article","og_title":"Die Seite f\u00fcr Erfinder von Bastel- & DIY-Abenteuer | Abenteuer-Markt","og_description":"Entdecke spannende Ideen und Angebote f\u00fcr Kinder von 1 bis 10 Jahren","og_url":"https:\/\/abenteuer-markt.de\/de\/erfinder\/","og_site_name":"Abenteuer-Markt","article_modified_time":"2025-01-27T21:24:47+00:00","twitter_card":"summary_large_image","twitter_misc":{"Gesch\u00e4tzte Lesezeit":"1\u00a0Minute"},"schema":{"@context":"https:\/\/schema.org","@graph":[{"@type":"Organization","@id":"https:\/\/abenteuer-markt.de\/#organization","name":"Abenteuer-Markt","url":"https:\/\/abenteuer-markt.de\/","sameAs":[],"logo":{"@type":"ImageObject","@id":"https:\/\/abenteuer-markt.de\/#logo","inLanguage":"de","url":"https:\/\/abenteuer-markt.de\/wp-content\/uploads\/2022\/04\/abenteuer-markt_Logo_oeg.png","contentUrl":"https:\/\/abenteuer-markt.de\/wp-content\/uploads\/2022\/04\/abenteuer-markt_Logo_oeg.png","width":1000,"height":235,"caption":"Abenteuer-Markt"},"image":{"@id":"https:\/\/abenteuer-markt.de\/#logo"}},{"@type":"WebSite","@id":"https:\/\/abenteuer-markt.de\/#website","url":"https:\/\/abenteuer-markt.de\/","name":"Abenteuer-Markt","description":"Basteln, Experimentieren, Kochen - Alles zum Selber Machen f\u00fcr Kinder","publisher":{"@id":"https:\/\/abenteuer-markt.de\/#organization"},"potentialAction":[{"@type":"SearchAction","target":{"@type":"EntryPoint","urlTemplate":"https:\/\/abenteuer-markt.de\/?s={search_term_string}"},"query-input":"required name=search_term_string"}],"inLanguage":"de"},{"@type":"ImageObject","@id":"https:\/\/abenteuer-markt.de\/erfinder\/#primaryimage","inLanguage":"de","url":"","contentUrl":""},{"@type":"WebPage","@id":"https:\/\/abenteuer-markt.de\/erfinder\/#webpage","url":"https:\/\/abenteuer-markt.de\/erfinder\/","name":"Die Seite f\u00fcr Erfinder von Bastel- & DIY-Abenteuer | Abenteuer-Markt","isPartOf":{"@id":"https:\/\/abenteuer-markt.de\/#website"},"primaryImageOfPage":{"@id":"https:\/\/abenteuer-markt.de\/erfinder\/#primaryimage"},"datePublished":"2014-09-09T10:11:31+00:00","dateModified":"2025-01-27T21:24:47+00:00","description":"Entdecke spannende Ideen und Angebote f\u00fcr Kinder von 1 bis 10 Jahren","breadcrumb":{"@id":"https:\/\/abenteuer-markt.de\/erfinder\/#breadcrumb"},"inLanguage":"de","potentialAction":[{"@type":"ReadAction","target":["https:\/\/abenteuer-markt.de\/erfinder\/"]}]},{"@type":"BreadcrumbList","@id":"https:\/\/abenteuer-markt.de\/erfinder\/#breadcrumb","itemListElement":[{"@type":"ListItem","position":1,"name":"Startseite","item":"https:\/\/abenteuer-markt.de\/"},{"@type":"ListItem","position":2,"name":"Die Seite f\u00fcr Erfinder von Bastel- &#038; DIY-Abenteuer"}]}]}},"_links":{"self":[{"href":"https:\/\/abenteuer-markt.de\/de\/wp-json\/wp\/v2\/pages\/280"}],"collection":[{"href":"https:\/\/abenteuer-markt.de\/de\/wp-json\/wp\/v2\/pages"}],"about":[{"href":"https:\/\/abenteuer-markt.de\/de\/wp-json\/wp\/v2\/types\/page"}],"author":[{"embeddable":true,"href":"https:\/\/abenteuer-markt.de\/de\/wp-json\/wp\/v2\/users\/1"}],"replies":[{"embeddable":true,"href":"https:\/\/abenteuer-markt.de\/de\/wp-json\/wp\/v2\/comments?post=280"}],"version-history":[{"count":1,"href":"https:\/\/abenteuer-markt.de\/de\/wp-json\/wp\/v2\/pages\/280\/revisions"}],"predecessor-version":[{"id":33900,"href":"https:\/\/abenteuer-markt.de\/de\/wp-json\/wp\/v2\/pages\/280\/revisions\/33900"}],"wp:featuredmedia":[{"embeddable":true,"href":"https:\/\/abenteuer-markt.de\/de\/wp-json\/"}],"wp:attachment":[{"href":"https:\/\/abenteuer-markt.de\/de\/wp-json\/wp\/v2\/media?parent=280"}],"curies":[{"name":"wp","href":"https:\/\/api.w.org\/{rel}","templated":true}]}}