{"id":23826,"date":"2022-07-18T09:09:12","date_gmt":"2022-07-18T08:09:12","guid":{"rendered":"https:\/\/abenteuer-markt.de\/?page_id=23826"},"modified":"2022-09-21T07:55:15","modified_gmt":"2022-09-21T06:55:15","slug":"diy-navi-tester-werden","status":"publish","type":"page","link":"https:\/\/abenteuer-markt.de\/de\/diy-navi-tester-werden\/","title":{"rendered":"Forscher-Navi-Tester werden"},"content":{"rendered":"\t\t<div data-elementor-type=\"wp-page\" data-elementor-id=\"23826\" class=\"elementor elementor-23826\">\n\t\t\t\t\t\t\t\t\t<section class=\"elementor-section elementor-top-section elementor-element elementor-element-67bc6a36 elementor-section-boxed elementor-section-height-default elementor-section-height-default\" data-id=\"67bc6a36\" data-element_type=\"section\">\n\t\t\t\t\t\t<div class=\"elementor-container elementor-column-gap-default\">\n\t\t\t\t\t<div class=\"elementor-column elementor-col-100 elementor-top-column elementor-element elementor-element-52435ff0\" data-id=\"52435ff0\" data-element_type=\"column\">\n\t\t\t<div class=\"elementor-widget-wrap elementor-element-populated\">\n\t\t\t\t\t\t\t\t<div class=\"elementor-element elementor-element-46e0260b elementor-widget elementor-widget-text-editor\" data-id=\"46e0260b\" data-element_type=\"widget\" data-widget_type=\"text-editor.default\">\n\t\t\t\t<div class=\"elementor-widget-container\">\n\t\t\t\t\t\t\t<ul><li>Alle Flaschenpost*-Abonnenten werden die Chance erhalten, an unserer Testphase teilnehmen zu k\u00f6nnen**<\/li><li>Alle Features sind in der Testphase freigeschaltet &#8211; und das kostenfrei<\/li><li>Seid Teil unseres Entwicklungsprozesses und tragt dazu bei, dass Kinder ihre Potenziale entfalten k\u00f6nnen<\/li><\/ul><p>Hier findet Ihr (nochmal) alle Informationen zum <a href=\"https:\/\/abenteuer-markt.de\/diy-navi\/\">Forscher-Navi\u00a0 f\u00fcr Kinder<\/a><\/p>\t\t\t\t\t\t<\/div>\n\t\t\t\t<\/div>\n\t\t\t\t\t<\/div>\n\t\t<\/div>\n\t\t\t\t\t\t\t<\/div>\n\t\t<\/section>\n\t\t\t\t<section class=\"elementor-section elementor-top-section elementor-element elementor-element-2faa0249 elementor-section-boxed elementor-section-height-default elementor-section-height-default\" data-id=\"2faa0249\" data-element_type=\"section\">\n\t\t\t\t\t\t<div class=\"elementor-container elementor-column-gap-default\">\n\t\t\t\t\t<div class=\"elementor-column elementor-col-100 elementor-top-column elementor-element elementor-element-4c66124e\" data-id=\"4c66124e\" data-element_type=\"column\">\n\t\t\t<div class=\"elementor-widget-wrap elementor-element-populated\">\n\t\t\t\t\t\t\t\t<div class=\"elementor-element elementor-element-4297ac65 elementor-widget elementor-widget-heading\" data-id=\"4297ac65\" data-element_type=\"widget\" data-widget_type=\"heading.default\">\n\t\t\t\t<div class=\"elementor-widget-container\">\n\t\t\t<h2 class=\"elementor-heading-title elementor-size-default\">Flaschenpost abonnieren <br> (und damit die Chance haben, Forscher-Navi-Tester zu werden)<\/h2>\t\t<\/div>\n\t\t\t\t<\/div>\n\t\t\t\t<div class=\"elementor-element elementor-element-ffaf30d elementor-widget elementor-widget-shortcode\" data-id=\"ffaf30d\" data-element_type=\"widget\" data-widget_type=\"shortcode.default\">\n\t\t\t\t<div class=\"elementor-widget-container\">\n\t\t\t\t\t<div class=\"elementor-shortcode\"><form method=\"post\" action=\"https:\/\/abenteuer-markt.de\/de\/?na=s\" class=\"oes_newsletter\" style=\"\">\n<input type=\"hidden\" name=\"nr\" value=\"DIY-Test_2022\"><input type=\"hidden\" name=\"ncu\" value=\"https:\/\/abenteuer-markt.de\/diy-navi-tester-danke\"><input type=\"hidden\" name=\"nlang\" value=\"\">\n<div class=\"tnp-field tnp-field-email\"><label for=\"tnp-1\">Deine E-Mail-Adresse<\/label>\n<input class=\"tnp-email\" type=\"email\" name=\"ne\" id=\"tnp-1\" value=\"\" required><\/div>\n\n<div class=\"tnp-field tnp-field-firstname\"><label for=\"tnp-2\">Dein Vorname<\/label>\n<input class=\"tnp-name\" type=\"text\" name=\"nn\" id=\"tnp-2\" value=\"\"><\/div>\n\n<div class=\"tnp-field tnp-field-checkbox tnp-field-privacy\"><input type=\"checkbox\" name=\"ny\" required class=\"tnp-privacy\" id=\"tnp-4\"> <label for=\"tnp-4\"><a target=\"_blank\" href=\"https:\/\/abenteuer-markt.de\/de\/datenschutz\/\">Ich akzeptiere die Datenschutzerkl\u00e4rung<\/a><\/label><\/div>\n<div class=\"tnp-field tnp-field-button\"><input class=\"tnp-button\" type=\"submit\" value=\"F\u00fcr den Newsletter anmelden!\"><\/div><\/form><\/div>\n\t\t\t\t<\/div>\n\t\t\t\t<\/div>\n\t\t\t\t\t<\/div>\n\t\t<\/div>\n\t\t\t\t\t\t\t<\/div>\n\t\t<\/section>\n\t\t\t\t<section class=\"elementor-section elementor-top-section elementor-element elementor-element-555a17ad elementor-section-boxed elementor-section-height-default elementor-section-height-default\" data-id=\"555a17ad\" data-element_type=\"section\">\n\t\t\t\t\t\t<div class=\"elementor-container elementor-column-gap-default\">\n\t\t\t\t\t<div class=\"elementor-column elementor-col-100 elementor-top-column elementor-element elementor-element-314f89c1\" data-id=\"314f89c1\" data-element_type=\"column\">\n\t\t\t<div class=\"elementor-widget-wrap elementor-element-populated\">\n\t\t\t\t\t\t\t\t<div class=\"elementor-element elementor-element-6840f2a9 elementor-widget elementor-widget-text-editor\" data-id=\"6840f2a9\" data-element_type=\"widget\" data-widget_type=\"text-editor.default\">\n\t\t\t\t<div class=\"elementor-widget-container\">\n\t\t\t\t\t\t\t<p>* Die Flaschenpost ist unser Newsletter. Dabei erh\u00e4ltst du hin und wieder Ideen f\u00fcr kleine Alltags-Abenteuer, News zu unserem Angebot und aktuelle Aktionen. Deine E-Mail-Adresse wird f\u00fcr die Flaschenpost verwendet und nicht an Dritte weitergegeben. Wir nutzen hierzu das Plugin &#8222;The Newsletter Plugin&#8220;.\u00a0<\/p><p>** Bevor es dann mit dem Testen unseres Forscher-Navis losgeht, schicken wir allen Flaschenpost-Abonnenten weitere Informationen.<\/p>\t\t\t\t\t\t<\/div>\n\t\t\t\t<\/div>\n\t\t\t\t\t<\/div>\n\t\t<\/div>\n\t\t\t\t\t\t\t<\/div>\n\t\t<\/section>\n\t\t\t\t<section class=\"elementor-section elementor-top-section elementor-element elementor-element-a650dcb elementor-section-boxed elementor-section-height-default elementor-section-height-default\" data-id=\"a650dcb\" data-element_type=\"section\">\n\t\t\t\t\t\t<div class=\"elementor-container elementor-column-gap-default\">\n\t\t\t\t\t<div class=\"elementor-column elementor-col-100 elementor-top-column elementor-element elementor-element-e1e8bf8\" data-id=\"e1e8bf8\" data-element_type=\"column\">\n\t\t\t<div class=\"elementor-widget-wrap elementor-element-populated\">\n\t\t\t\t\t\t\t\t<div class=\"elementor-element elementor-element-886a119 elementor-widget elementor-widget-text-editor\" data-id=\"886a119\" data-element_type=\"widget\" data-widget_type=\"text-editor.default\">\n\t\t\t\t<div class=\"elementor-widget-container\">\n\t\t\t\t\t\t\t<h2>Ihr wisst noch nicht, was euch beim Newsletter erwartet?\u00a0<\/h2><p>Dann schaut euch hier die Ausgabe vom August 2022 an:\u00a0<\/p>\t\t\t\t\t\t<\/div>\n\t\t\t\t<\/div>\n\t\t\t\t<div class=\"elementor-element elementor-element-4fad0e5 elementor-widget elementor-widget-image\" data-id=\"4fad0e5\" data-element_type=\"widget\" data-widget_type=\"image.default\">\n\t\t\t\t<div class=\"elementor-widget-container\">\n\t\t\t\t\t\t\t\t\t\t\t\t\t\t\t\t<a href=\"https:\/\/abenteuer-markt.de\/wp-content\/uploads\/2022\/08\/Flaschenpost-August-2022.pdf\" target=\"_blank\">\n\t\t\t\t\t\t\t<img width=\"792\" height=\"388\" src=\"https:\/\/abenteuer-markt.de\/wp-content\/uploads\/2022\/08\/Flaschenpost-August-2022-Teaser.png\" class=\"attachment-large size-large\" alt=\"\" srcset=\"https:\/\/abenteuer-markt.de\/wp-content\/uploads\/2022\/08\/Flaschenpost-August-2022-Teaser.png 792w, https:\/\/abenteuer-markt.de\/wp-content\/uploads\/2022\/08\/Flaschenpost-August-2022-Teaser-300x147.png 300w, https:\/\/abenteuer-markt.de\/wp-content\/uploads\/2022\/08\/Flaschenpost-August-2022-Teaser-768x376.png 768w, https:\/\/abenteuer-markt.de\/wp-content\/uploads\/2022\/08\/Flaschenpost-August-2022-Teaser-18x9.png 18w\" sizes=\"(max-width: 792px) 100vw, 792px\" \/>\t\t\t\t\t\t\t\t<\/a>\n\t\t\t\t\t\t\t\t\t\t\t\t\t\t\t<\/div>\n\t\t\t\t<\/div>\n\t\t\t\t<div class=\"elementor-element elementor-element-16dddb3 elementor-widget elementor-widget-text-editor\" data-id=\"16dddb3\" data-element_type=\"widget\" data-widget_type=\"text-editor.default\">\n\t\t\t\t<div class=\"elementor-widget-container\">\n\t\t\t\t\t\t\t<p>Einfach anklicken, dann gelangt ihr zur PDF-Datei.<\/p>\t\t\t\t\t\t<\/div>\n\t\t\t\t<\/div>\n\t\t\t\t\t<\/div>\n\t\t<\/div>\n\t\t\t\t\t\t\t<\/div>\n\t\t<\/section>\n\t\t\t\t\t\t\t<\/div>\n\t\t","protected":false},"excerpt":{"rendered":"<p>Alle Flaschenpost*-Abonnenten werden die Chance erhalten, an unserer Testphase teilnehmen zu k\u00f6nnen** Alle Features sind in der Testphase freigeschaltet &#8211; und das kostenfrei Seid Teil unseres Entwicklungsprozesses und tragt dazu bei, dass Kinder ihre Potenziale entfalten k\u00f6nnen Hier findet Ihr (nochmal) alle Informationen zum Forscher-Navi\u00a0 f\u00fcr Kinder Flaschenpost abonnieren (und damit die Chance haben, Forscher-Navi-Tester [&hellip;]<\/p>\n","protected":false},"author":1,"featured_media":0,"parent":0,"menu_order":0,"comment_status":"closed","ping_status":"closed","template":"elementor_theme","meta":[],"yoast_head":"<!-- This site is optimized with the Yoast SEO plugin v18.5.1 - https:\/\/yoast.com\/wordpress\/plugins\/seo\/ -->\n<title>Forscher-Navi-Tester werden | Abenteuer-Markt<\/title>\n<meta name=\"description\" content=\"Entdecke spannende Ideen und Angebote f\u00fcr Kinder von 1 bis 10 Jahren\" \/>\n<meta name=\"robots\" content=\"index, follow, max-snippet:-1, max-image-preview:large, max-video-preview:-1\" \/>\n<link rel=\"canonical\" href=\"https:\/\/abenteuer-markt.de\/de\/diy-navi-tester-werden\/\" \/>\n<meta property=\"og:locale\" content=\"de_DE\" \/>\n<meta property=\"og:type\" content=\"article\" \/>\n<meta property=\"og:title\" content=\"Forscher-Navi-Tester werden | Abenteuer-Markt\" \/>\n<meta property=\"og:description\" content=\"Entdecke spannende Ideen und Angebote f\u00fcr Kinder von 1 bis 10 Jahren\" \/>\n<meta property=\"og:url\" content=\"https:\/\/abenteuer-markt.de\/de\/diy-navi-tester-werden\/\" \/>\n<meta property=\"og:site_name\" content=\"Abenteuer-Markt\" \/>\n<meta property=\"article:modified_time\" content=\"2022-09-21T06:55:15+00:00\" \/>\n<meta property=\"og:image\" content=\"https:\/\/abenteuer-markt.de\/wp-content\/uploads\/2022\/08\/Flaschenpost-August-2022-Teaser.png\" \/>\n<meta name=\"twitter:card\" content=\"summary_large_image\" \/>\n<meta name=\"twitter:label1\" content=\"Gesch\u00e4tzte Lesezeit\" \/>\n\t<meta name=\"twitter:data1\" content=\"2\u00a0Minuten\" \/>\n<script type=\"application\/ld+json\" class=\"yoast-schema-graph\">{\"@context\":\"https:\/\/schema.org\",\"@graph\":[{\"@type\":\"Organization\",\"@id\":\"https:\/\/abenteuer-markt.de\/#organization\",\"name\":\"Abenteuer-Markt\",\"url\":\"https:\/\/abenteuer-markt.de\/\",\"sameAs\":[],\"logo\":{\"@type\":\"ImageObject\",\"@id\":\"https:\/\/abenteuer-markt.de\/#logo\",\"inLanguage\":\"de\",\"url\":\"https:\/\/abenteuer-markt.de\/wp-content\/uploads\/2022\/04\/abenteuer-markt_Logo_oeg.png\",\"contentUrl\":\"https:\/\/abenteuer-markt.de\/wp-content\/uploads\/2022\/04\/abenteuer-markt_Logo_oeg.png\",\"width\":1000,\"height\":235,\"caption\":\"Abenteuer-Markt\"},\"image\":{\"@id\":\"https:\/\/abenteuer-markt.de\/#logo\"}},{\"@type\":\"WebSite\",\"@id\":\"https:\/\/abenteuer-markt.de\/#website\",\"url\":\"https:\/\/abenteuer-markt.de\/\",\"name\":\"Abenteuer-Markt\",\"description\":\"Basteln, Experimentieren, Kochen - Alles zum Selber Machen f\u00fcr Kinder\",\"publisher\":{\"@id\":\"https:\/\/abenteuer-markt.de\/#organization\"},\"potentialAction\":[{\"@type\":\"SearchAction\",\"target\":{\"@type\":\"EntryPoint\",\"urlTemplate\":\"https:\/\/abenteuer-markt.de\/?s={search_term_string}\"},\"query-input\":\"required name=search_term_string\"}],\"inLanguage\":\"de\"},{\"@type\":\"ImageObject\",\"@id\":\"https:\/\/abenteuer-markt.de\/de\/diy-navi-tester-werden\/#primaryimage\",\"inLanguage\":\"de\",\"url\":\"https:\/\/abenteuer-markt.de\/wp-content\/uploads\/2022\/08\/Flaschenpost-August-2022-Teaser.png\",\"contentUrl\":\"https:\/\/abenteuer-markt.de\/wp-content\/uploads\/2022\/08\/Flaschenpost-August-2022-Teaser.png\",\"width\":792,\"height\":388},{\"@type\":\"WebPage\",\"@id\":\"https:\/\/abenteuer-markt.de\/de\/diy-navi-tester-werden\/#webpage\",\"url\":\"https:\/\/abenteuer-markt.de\/de\/diy-navi-tester-werden\/\",\"name\":\"Forscher-Navi-Tester werden | Abenteuer-Markt\",\"isPartOf\":{\"@id\":\"https:\/\/abenteuer-markt.de\/#website\"},\"primaryImageOfPage\":{\"@id\":\"https:\/\/abenteuer-markt.de\/de\/diy-navi-tester-werden\/#primaryimage\"},\"datePublished\":\"2022-07-18T08:09:12+00:00\",\"dateModified\":\"2022-09-21T06:55:15+00:00\",\"description\":\"Entdecke spannende Ideen und Angebote f\u00fcr Kinder von 1 bis 10 Jahren\",\"breadcrumb\":{\"@id\":\"https:\/\/abenteuer-markt.de\/de\/diy-navi-tester-werden\/#breadcrumb\"},\"inLanguage\":\"de\",\"potentialAction\":[{\"@type\":\"ReadAction\",\"target\":[\"https:\/\/abenteuer-markt.de\/de\/diy-navi-tester-werden\/\"]}]},{\"@type\":\"BreadcrumbList\",\"@id\":\"https:\/\/abenteuer-markt.de\/de\/diy-navi-tester-werden\/#breadcrumb\",\"itemListElement\":[{\"@type\":\"ListItem\",\"position\":1,\"name\":\"Startseite\",\"item\":\"https:\/\/abenteuer-markt.de\/\"},{\"@type\":\"ListItem\",\"position\":2,\"name\":\"Forscher-Navi-Tester werden\"}]}]}<\/script>\n<!-- \/ Yoast SEO plugin. -->","yoast_head_json":{"title":"Forscher-Navi-Tester werden | Abenteuer-Markt","description":"Entdecke spannende Ideen und Angebote f\u00fcr Kinder von 1 bis 10 Jahren","robots":{"index":"index","follow":"follow","max-snippet":"max-snippet:-1","max-image-preview":"max-image-preview:large","max-video-preview":"max-video-preview:-1"},"canonical":"https:\/\/abenteuer-markt.de\/de\/diy-navi-tester-werden\/","og_locale":"de_DE","og_type":"article","og_title":"Forscher-Navi-Tester werden | Abenteuer-Markt","og_description":"Entdecke spannende Ideen und Angebote f\u00fcr Kinder von 1 bis 10 Jahren","og_url":"https:\/\/abenteuer-markt.de\/de\/diy-navi-tester-werden\/","og_site_name":"Abenteuer-Markt","article_modified_time":"2022-09-21T06:55:15+00:00","og_image":[{"url":"https:\/\/abenteuer-markt.de\/wp-content\/uploads\/2022\/08\/Flaschenpost-August-2022-Teaser.png"}],"twitter_card":"summary_large_image","twitter_misc":{"Gesch\u00e4tzte Lesezeit":"2\u00a0Minuten"},"schema":{"@context":"https:\/\/schema.org","@graph":[{"@type":"Organization","@id":"https:\/\/abenteuer-markt.de\/#organization","name":"Abenteuer-Markt","url":"https:\/\/abenteuer-markt.de\/","sameAs":[],"logo":{"@type":"ImageObject","@id":"https:\/\/abenteuer-markt.de\/#logo","inLanguage":"de","url":"https:\/\/abenteuer-markt.de\/wp-content\/uploads\/2022\/04\/abenteuer-markt_Logo_oeg.png","contentUrl":"https:\/\/abenteuer-markt.de\/wp-content\/uploads\/2022\/04\/abenteuer-markt_Logo_oeg.png","width":1000,"height":235,"caption":"Abenteuer-Markt"},"image":{"@id":"https:\/\/abenteuer-markt.de\/#logo"}},{"@type":"WebSite","@id":"https:\/\/abenteuer-markt.de\/#website","url":"https:\/\/abenteuer-markt.de\/","name":"Abenteuer-Markt","description":"Basteln, Experimentieren, Kochen - Alles zum Selber Machen f\u00fcr Kinder","publisher":{"@id":"https:\/\/abenteuer-markt.de\/#organization"},"potentialAction":[{"@type":"SearchAction","target":{"@type":"EntryPoint","urlTemplate":"https:\/\/abenteuer-markt.de\/?s={search_term_string}"},"query-input":"required name=search_term_string"}],"inLanguage":"de"},{"@type":"ImageObject","@id":"https:\/\/abenteuer-markt.de\/de\/diy-navi-tester-werden\/#primaryimage","inLanguage":"de","url":"https:\/\/abenteuer-markt.de\/wp-content\/uploads\/2022\/08\/Flaschenpost-August-2022-Teaser.png","contentUrl":"https:\/\/abenteuer-markt.de\/wp-content\/uploads\/2022\/08\/Flaschenpost-August-2022-Teaser.png","width":792,"height":388},{"@type":"WebPage","@id":"https:\/\/abenteuer-markt.de\/de\/diy-navi-tester-werden\/#webpage","url":"https:\/\/abenteuer-markt.de\/de\/diy-navi-tester-werden\/","name":"Forscher-Navi-Tester werden | Abenteuer-Markt","isPartOf":{"@id":"https:\/\/abenteuer-markt.de\/#website"},"primaryImageOfPage":{"@id":"https:\/\/abenteuer-markt.de\/de\/diy-navi-tester-werden\/#primaryimage"},"datePublished":"2022-07-18T08:09:12+00:00","dateModified":"2022-09-21T06:55:15+00:00","description":"Entdecke spannende Ideen und Angebote f\u00fcr Kinder von 1 bis 10 Jahren","breadcrumb":{"@id":"https:\/\/abenteuer-markt.de\/de\/diy-navi-tester-werden\/#breadcrumb"},"inLanguage":"de","potentialAction":[{"@type":"ReadAction","target":["https:\/\/abenteuer-markt.de\/de\/diy-navi-tester-werden\/"]}]},{"@type":"BreadcrumbList","@id":"https:\/\/abenteuer-markt.de\/de\/diy-navi-tester-werden\/#breadcrumb","itemListElement":[{"@type":"ListItem","position":1,"name":"Startseite","item":"https:\/\/abenteuer-markt.de\/"},{"@type":"ListItem","position":2,"name":"Forscher-Navi-Tester werden"}]}]}},"_links":{"self":[{"href":"https:\/\/abenteuer-markt.de\/de\/wp-json\/wp\/v2\/pages\/23826"}],"collection":[{"href":"https:\/\/abenteuer-markt.de\/de\/wp-json\/wp\/v2\/pages"}],"about":[{"href":"https:\/\/abenteuer-markt.de\/de\/wp-json\/wp\/v2\/types\/page"}],"author":[{"embeddable":true,"href":"https:\/\/abenteuer-markt.de\/de\/wp-json\/wp\/v2\/users\/1"}],"replies":[{"embeddable":true,"href":"https:\/\/abenteuer-markt.de\/de\/wp-json\/wp\/v2\/comments?post=23826"}],"version-history":[{"count":1,"href":"https:\/\/abenteuer-markt.de\/de\/wp-json\/wp\/v2\/pages\/23826\/revisions"}],"predecessor-version":[{"id":25695,"href":"https:\/\/abenteuer-markt.de\/de\/wp-json\/wp\/v2\/pages\/23826\/revisions\/25695"}],"wp:attachment":[{"href":"https:\/\/abenteuer-markt.de\/de\/wp-json\/wp\/v2\/media?parent=23826"}],"curies":[{"name":"wp","href":"https:\/\/api.w.org\/{rel}","templated":true}]}}