{"id":14939,"date":"2021-04-21T21:51:15","date_gmt":"2021-04-21T20:51:15","guid":{"rendered":"https:\/\/abenteuer-markt.de\/?page_id=14939"},"modified":"2021-04-21T21:53:24","modified_gmt":"2021-04-21T20:53:24","slug":"newsletter-anmeldung","status":"publish","type":"page","link":"https:\/\/abenteuer-markt.de\/de\/newsletter-anmeldung\/","title":{"rendered":"Newsletter Anmeldung"},"content":{"rendered":"\n<p>Super &#8211; du hast dich erfolgreich bei unserem Newsletter angemeldet.<\/p>\n\n\n\n<p>Gleich bekommst du noch eine E-Mail mit dem Link zur Checkliste!<\/p>\n\n\n\n<p><\/p>\n\n\n\n<p>Falls du noch Besch\u00e4ftigungsideen f\u00fcr Deine Webseite suchst, kannst du hier spannende Abenteuer f\u00fcr deine Kinder entdecken: <a href=\"https:\/\/abenteuer-markt.de\/abenteuer-entdecken\/\">Abenteuer Entdecken<\/a><\/p>\n","protected":false},"excerpt":{"rendered":"<p>Super &#8211; du hast dich erfolgreich bei unserem Newsletter angemeldet. Gleich bekommst du noch eine E-Mail mit dem Link zur Checkliste! Falls du noch Besch\u00e4ftigungsideen f\u00fcr Deine Webseite suchst, kannst du hier spannende Abenteuer f\u00fcr deine Kinder entdecken: Abenteuer Entdecken<\/p>\n","protected":false},"author":1,"featured_media":0,"parent":0,"menu_order":0,"comment_status":"closed","ping_status":"closed","template":"","meta":[],"yoast_head":"<!-- This site is optimized with the Yoast SEO plugin v18.5.1 - https:\/\/yoast.com\/wordpress\/plugins\/seo\/ -->\n<title>Newsletter Anmeldung | Abenteuer-Markt<\/title>\n<meta name=\"description\" content=\"Entdecke spannende Ideen und Angebote f\u00fcr Kinder von 1 bis 10 Jahren\" \/>\n<meta name=\"robots\" content=\"index, follow, max-snippet:-1, max-image-preview:large, max-video-preview:-1\" \/>\n<link rel=\"canonical\" href=\"https:\/\/abenteuer-markt.de\/de\/newsletter-anmeldung\/\" \/>\n<meta property=\"og:locale\" content=\"de_DE\" \/>\n<meta property=\"og:type\" content=\"article\" \/>\n<meta property=\"og:title\" content=\"Newsletter Anmeldung | Abenteuer-Markt\" \/>\n<meta property=\"og:description\" content=\"Entdecke spannende Ideen und Angebote f\u00fcr Kinder von 1 bis 10 Jahren\" \/>\n<meta property=\"og:url\" content=\"https:\/\/abenteuer-markt.de\/de\/newsletter-anmeldung\/\" \/>\n<meta property=\"og:site_name\" content=\"Abenteuer-Markt\" \/>\n<meta property=\"article:modified_time\" content=\"2021-04-21T20:53:24+00:00\" \/>\n<meta name=\"twitter:card\" content=\"summary_large_image\" \/>\n<script type=\"application\/ld+json\" class=\"yoast-schema-graph\">{\"@context\":\"https:\/\/schema.org\",\"@graph\":[{\"@type\":\"Organization\",\"@id\":\"https:\/\/abenteuer-markt.de\/#organization\",\"name\":\"Abenteuer-Markt\",\"url\":\"https:\/\/abenteuer-markt.de\/\",\"sameAs\":[],\"logo\":{\"@type\":\"ImageObject\",\"@id\":\"https:\/\/abenteuer-markt.de\/#logo\",\"inLanguage\":\"de\",\"url\":\"https:\/\/abenteuer-markt.de\/wp-content\/uploads\/2022\/04\/abenteuer-markt_Logo_oeg.png\",\"contentUrl\":\"https:\/\/abenteuer-markt.de\/wp-content\/uploads\/2022\/04\/abenteuer-markt_Logo_oeg.png\",\"width\":1000,\"height\":235,\"caption\":\"Abenteuer-Markt\"},\"image\":{\"@id\":\"https:\/\/abenteuer-markt.de\/#logo\"}},{\"@type\":\"WebSite\",\"@id\":\"https:\/\/abenteuer-markt.de\/#website\",\"url\":\"https:\/\/abenteuer-markt.de\/\",\"name\":\"Abenteuer-Markt\",\"description\":\"Basteln, Experimentieren, Kochen - Alles zum Selber Machen f\u00fcr Kinder\",\"publisher\":{\"@id\":\"https:\/\/abenteuer-markt.de\/#organization\"},\"potentialAction\":[{\"@type\":\"SearchAction\",\"target\":{\"@type\":\"EntryPoint\",\"urlTemplate\":\"https:\/\/abenteuer-markt.de\/?s={search_term_string}\"},\"query-input\":\"required name=search_term_string\"}],\"inLanguage\":\"de\"},{\"@type\":\"WebPage\",\"@id\":\"https:\/\/abenteuer-markt.de\/de\/newsletter-anmeldung\/#webpage\",\"url\":\"https:\/\/abenteuer-markt.de\/de\/newsletter-anmeldung\/\",\"name\":\"Newsletter Anmeldung | Abenteuer-Markt\",\"isPartOf\":{\"@id\":\"https:\/\/abenteuer-markt.de\/#website\"},\"datePublished\":\"2021-04-21T20:51:15+00:00\",\"dateModified\":\"2021-04-21T20:53:24+00:00\",\"description\":\"Entdecke spannende Ideen und Angebote f\u00fcr Kinder von 1 bis 10 Jahren\",\"breadcrumb\":{\"@id\":\"https:\/\/abenteuer-markt.de\/de\/newsletter-anmeldung\/#breadcrumb\"},\"inLanguage\":\"de\",\"potentialAction\":[{\"@type\":\"ReadAction\",\"target\":[\"https:\/\/abenteuer-markt.de\/de\/newsletter-anmeldung\/\"]}]},{\"@type\":\"BreadcrumbList\",\"@id\":\"https:\/\/abenteuer-markt.de\/de\/newsletter-anmeldung\/#breadcrumb\",\"itemListElement\":[{\"@type\":\"ListItem\",\"position\":1,\"name\":\"Startseite\",\"item\":\"https:\/\/abenteuer-markt.de\/\"},{\"@type\":\"ListItem\",\"position\":2,\"name\":\"Newsletter Anmeldung\"}]}]}<\/script>\n<!-- \/ Yoast SEO plugin. -->","yoast_head_json":{"title":"Newsletter Anmeldung | Abenteuer-Markt","description":"Entdecke spannende Ideen und Angebote f\u00fcr Kinder von 1 bis 10 Jahren","robots":{"index":"index","follow":"follow","max-snippet":"max-snippet:-1","max-image-preview":"max-image-preview:large","max-video-preview":"max-video-preview:-1"},"canonical":"https:\/\/abenteuer-markt.de\/de\/newsletter-anmeldung\/","og_locale":"de_DE","og_type":"article","og_title":"Newsletter Anmeldung | Abenteuer-Markt","og_description":"Entdecke spannende Ideen und Angebote f\u00fcr Kinder von 1 bis 10 Jahren","og_url":"https:\/\/abenteuer-markt.de\/de\/newsletter-anmeldung\/","og_site_name":"Abenteuer-Markt","article_modified_time":"2021-04-21T20:53:24+00:00","twitter_card":"summary_large_image","schema":{"@context":"https:\/\/schema.org","@graph":[{"@type":"Organization","@id":"https:\/\/abenteuer-markt.de\/#organization","name":"Abenteuer-Markt","url":"https:\/\/abenteuer-markt.de\/","sameAs":[],"logo":{"@type":"ImageObject","@id":"https:\/\/abenteuer-markt.de\/#logo","inLanguage":"de","url":"https:\/\/abenteuer-markt.de\/wp-content\/uploads\/2022\/04\/abenteuer-markt_Logo_oeg.png","contentUrl":"https:\/\/abenteuer-markt.de\/wp-content\/uploads\/2022\/04\/abenteuer-markt_Logo_oeg.png","width":1000,"height":235,"caption":"Abenteuer-Markt"},"image":{"@id":"https:\/\/abenteuer-markt.de\/#logo"}},{"@type":"WebSite","@id":"https:\/\/abenteuer-markt.de\/#website","url":"https:\/\/abenteuer-markt.de\/","name":"Abenteuer-Markt","description":"Basteln, Experimentieren, Kochen - Alles zum Selber Machen f\u00fcr Kinder","publisher":{"@id":"https:\/\/abenteuer-markt.de\/#organization"},"potentialAction":[{"@type":"SearchAction","target":{"@type":"EntryPoint","urlTemplate":"https:\/\/abenteuer-markt.de\/?s={search_term_string}"},"query-input":"required name=search_term_string"}],"inLanguage":"de"},{"@type":"WebPage","@id":"https:\/\/abenteuer-markt.de\/de\/newsletter-anmeldung\/#webpage","url":"https:\/\/abenteuer-markt.de\/de\/newsletter-anmeldung\/","name":"Newsletter Anmeldung | Abenteuer-Markt","isPartOf":{"@id":"https:\/\/abenteuer-markt.de\/#website"},"datePublished":"2021-04-21T20:51:15+00:00","dateModified":"2021-04-21T20:53:24+00:00","description":"Entdecke spannende Ideen und Angebote f\u00fcr Kinder von 1 bis 10 Jahren","breadcrumb":{"@id":"https:\/\/abenteuer-markt.de\/de\/newsletter-anmeldung\/#breadcrumb"},"inLanguage":"de","potentialAction":[{"@type":"ReadAction","target":["https:\/\/abenteuer-markt.de\/de\/newsletter-anmeldung\/"]}]},{"@type":"BreadcrumbList","@id":"https:\/\/abenteuer-markt.de\/de\/newsletter-anmeldung\/#breadcrumb","itemListElement":[{"@type":"ListItem","position":1,"name":"Startseite","item":"https:\/\/abenteuer-markt.de\/"},{"@type":"ListItem","position":2,"name":"Newsletter Anmeldung"}]}]}},"_links":{"self":[{"href":"https:\/\/abenteuer-markt.de\/de\/wp-json\/wp\/v2\/pages\/14939"}],"collection":[{"href":"https:\/\/abenteuer-markt.de\/de\/wp-json\/wp\/v2\/pages"}],"about":[{"href":"https:\/\/abenteuer-markt.de\/de\/wp-json\/wp\/v2\/types\/page"}],"author":[{"embeddable":true,"href":"https:\/\/abenteuer-markt.de\/de\/wp-json\/wp\/v2\/users\/1"}],"replies":[{"embeddable":true,"href":"https:\/\/abenteuer-markt.de\/de\/wp-json\/wp\/v2\/comments?post=14939"}],"version-history":[{"count":2,"href":"https:\/\/abenteuer-markt.de\/de\/wp-json\/wp\/v2\/pages\/14939\/revisions"}],"predecessor-version":[{"id":14941,"href":"https:\/\/abenteuer-markt.de\/de\/wp-json\/wp\/v2\/pages\/14939\/revisions\/14941"}],"wp:attachment":[{"href":"https:\/\/abenteuer-markt.de\/de\/wp-json\/wp\/v2\/media?parent=14939"}],"curies":[{"name":"wp","href":"https:\/\/api.w.org\/{rel}","templated":true}]}}